
{"id":48,"date":"2019-12-09T19:38:38","date_gmt":"2019-12-09T19:38:38","guid":{"rendered":"http:\/\/w2.maleri-akerlund.se\/?page_id=48"},"modified":"2019-12-09T19:44:30","modified_gmt":"2019-12-09T19:44:30","slug":"var-miljopolicy","status":"publish","type":"page","link":"https:\/\/maleri-akerlund.se\/index.php\/var-miljopolicy\/","title":{"rendered":"V\u00e5r Milj\u00f6policy"},"content":{"rendered":"\n<p>\n\nAtt leverera och genomf\u00f6ra ett milj\u00f6anpassat m\u00e5leri med ett materialval med minsta m\u00f6jliga milj\u00f6belastning i nutid och framtid. Att f\u00f6lja lagar och f\u00f6rordningar, samt uppfylla kraven i M\u00e5larem\u00e4starnas Mij\u00f6certifiering.<\/p>\n\n\n\n<p>Att hush\u00e5lla med resurser som vatten och energi samt att genom f\u00f6rebyggande arbete begr\u00e4nsa uppkomsten av avfall samt att tillse att avfall som kan \u00e5tervinnas sorteras. Att alla anst\u00e4llda i f\u00f6retaget k\u00e4nner delaktighet i milj\u00f6arbetet liksom att alltid f\u00f6rb\u00e4ttra oss.<\/p>\n\n\n\n<p>F\u00e4rgers inverkan p\u00e5 arbets-och boendemilj\u00f6n \u00e4r viktigt f\u00f6r oss och d\u00e4rf\u00f6r anv\u00e4nder vi huvudsak milj\u00f6anpassade f\u00e4rger, f\u00e4rger godk\u00e4nda f\u00f6r EU.s milj\u00f6m\u00e4rkningsgodk\u00e4nnande, f\u00e4rger m\u00e4rkta med EU-blomman. Dessutom f\u00f6ljer vi Astma och allergif\u00f6rbundets rekommendationer om f\u00e4rger l\u00e4mpliga f\u00f6r milj\u00f6anpassat m\u00e5leri. P\u00e5 alla v\u00e5ra arbets platser sker avfalls och materialhantering p\u00e5 ett milj\u00f6riktigt s\u00e4tt. Arbetsmilj\u00f6arbetet \u00e4r naturligt integrerat i f\u00f6retagets vardag. Genom att anv\u00e4nda f\u00e4rger med minsta m\u00f6jliga p\u00e5verkan p\u00e5 h\u00e4lsan g\u00f6r vi allt f\u00f6r att uppr\u00e4tth\u00e5lla en god arbetsmilj\u00f6. Vi arbetar aktivt f\u00f6r att avveckla f\u00e4rger som inneh\u00e5ller \u00e4mnen upptagna i &#8220;Kemikalieinspektionens OBS och begr\u00e4nsningslistor&#8221; samt att f\u00f6lja milj\u00f6balkens f\u00f6rsiktighetsprincip.<\/p>\n\n\n\n<p>Att f\u00e5 arbeta \u00e5t Skanska inneb\u00e4r att man m\u00e5ste uppfylla deras milj\u00f6kriterier. Se Skanskas milj\u00f6webb f\u00f6r vidare information, www.skanska.se\n\n<\/p>\n\n\n\n<figure class=\"wp-block-image size-large\"><img decoding=\"async\" loading=\"lazy\" width=\"180\" height=\"250\" src=\"http:\/\/w2.maleri-akerlund.se\/wp-content\/uploads\/2019\/12\/miljocert.jpg\" alt=\"\" class=\"wp-image-10\"\/><\/figure>\n","protected":false},"excerpt":{"rendered":"<p>Att leverera och genomf\u00f6ra ett milj\u00f6anpassat m\u00e5leri med ett materialval med minsta m\u00f6jliga milj\u00f6belastning i nutid och framtid. Att f\u00f6lja lagar och f\u00f6rordningar, samt uppfylla kraven i M\u00e5larem\u00e4starnas Mij\u00f6certifiering. Att hush\u00e5lla med resurser som vatten och energi samt att genom f\u00f6rebyggande arbete begr\u00e4nsa uppkomsten av avfall samt att tillse att avfall som kan \u00e5tervinnas sorteras. &#8230; <a title=\"V\u00e5r Milj\u00f6policy\" class=\"read-more\" href=\"https:\/\/maleri-akerlund.se\/index.php\/var-miljopolicy\/\" aria-label=\"More on V\u00e5r Milj\u00f6policy\">Read more<\/a><\/p>\n","protected":false},"author":1,"featured_media":0,"parent":0,"menu_order":0,"comment_status":"closed","ping_status":"closed","template":"","meta":[],"_links":{"self":[{"href":"https:\/\/maleri-akerlund.se\/index.php\/wp-json\/wp\/v2\/pages\/48"}],"collection":[{"href":"https:\/\/maleri-akerlund.se\/index.php\/wp-json\/wp\/v2\/pages"}],"about":[{"href":"https:\/\/maleri-akerlund.se\/index.php\/wp-json\/wp\/v2\/types\/page"}],"author":[{"embeddable":true,"href":"https:\/\/maleri-akerlund.se\/index.php\/wp-json\/wp\/v2\/users\/1"}],"replies":[{"embeddable":true,"href":"https:\/\/maleri-akerlund.se\/index.php\/wp-json\/wp\/v2\/comments?post=48"}],"version-history":[{"count":4,"href":"https:\/\/maleri-akerlund.se\/index.php\/wp-json\/wp\/v2\/pages\/48\/revisions"}],"predecessor-version":[{"id":54,"href":"https:\/\/maleri-akerlund.se\/index.php\/wp-json\/wp\/v2\/pages\/48\/revisions\/54"}],"wp:attachment":[{"href":"https:\/\/maleri-akerlund.se\/index.php\/wp-json\/wp\/v2\/media?parent=48"}],"curies":[{"name":"wp","href":"https:\/\/api.w.org\/{rel}","templated":true}]}}