
{"id":55,"date":"2019-12-09T19:48:24","date_gmt":"2019-12-09T19:48:24","guid":{"rendered":"http:\/\/w2.maleri-akerlund.se\/?page_id=55"},"modified":"2019-12-09T19:48:24","modified_gmt":"2019-12-09T19:48:24","slug":"referenskunder","status":"publish","type":"page","link":"https:\/\/maleri-akerlund.se\/index.php\/referenskunder\/","title":{"rendered":"Referenskunder"},"content":{"rendered":"\n<p>H\u00e4r nedan kan du se n\u00e5gra av v\u00e5ra referenskunder.<br>Har ni fr\u00e5gor om v\u00e5ra tidigare projekt &#8211; tveka inte att h\u00f6ra av er. <\/p>\n\n\n\n<blockquote class=\"wp-block-quote\"><p>Investor och SEB\u00b4s huvudkontor<\/p><\/blockquote>\n\n\n\n<blockquote class=\"wp-block-quote\"><p>Anders Bodin Fastigheter AB<\/p><\/blockquote>\n\n\n\n<blockquote class=\"wp-block-quote\"><p>Besqab Projektutveckling AB<\/p><\/blockquote>\n\n\n\n<blockquote class=\"wp-block-quote\"><p>Lindqvist Bygg AB<\/p><\/blockquote>\n\n\n\n<blockquote class=\"wp-block-quote\"><p>Skanska Sverige AB<\/p><\/blockquote>\n\n\n\n<blockquote class=\"wp-block-quote\"><p>NCC Construction Sverige A<\/p><\/blockquote>\n\n\n\n<blockquote class=\"wp-block-quote\"><p>PEAB<\/p><\/blockquote>\n\n\n\n<blockquote class=\"wp-block-quote\"><p>Stena Fastigheter AB<\/p><\/blockquote>\n","protected":false},"excerpt":{"rendered":"<p>H\u00e4r nedan kan du se n\u00e5gra av v\u00e5ra referenskunder.Har ni fr\u00e5gor om v\u00e5ra tidigare projekt &#8211; tveka inte att h\u00f6ra av er. Investor och SEB\u00b4s huvudkontor Anders Bodin Fastigheter AB Besqab Projektutveckling AB Lindqvist Bygg AB Skanska Sverige AB NCC Construction Sverige A PEAB Stena Fastigheter AB<\/p>\n","protected":false},"author":1,"featured_media":0,"parent":0,"menu_order":0,"comment_status":"closed","ping_status":"closed","template":"","meta":[],"_links":{"self":[{"href":"https:\/\/maleri-akerlund.se\/index.php\/wp-json\/wp\/v2\/pages\/55"}],"collection":[{"href":"https:\/\/maleri-akerlund.se\/index.php\/wp-json\/wp\/v2\/pages"}],"about":[{"href":"https:\/\/maleri-akerlund.se\/index.php\/wp-json\/wp\/v2\/types\/page"}],"author":[{"embeddable":true,"href":"https:\/\/maleri-akerlund.se\/index.php\/wp-json\/wp\/v2\/users\/1"}],"replies":[{"embeddable":true,"href":"https:\/\/maleri-akerlund.se\/index.php\/wp-json\/wp\/v2\/comments?post=55"}],"version-history":[{"count":1,"href":"https:\/\/maleri-akerlund.se\/index.php\/wp-json\/wp\/v2\/pages\/55\/revisions"}],"predecessor-version":[{"id":56,"href":"https:\/\/maleri-akerlund.se\/index.php\/wp-json\/wp\/v2\/pages\/55\/revisions\/56"}],"wp:attachment":[{"href":"https:\/\/maleri-akerlund.se\/index.php\/wp-json\/wp\/v2\/media?parent=55"}],"curies":[{"name":"wp","href":"https:\/\/api.w.org\/{rel}","templated":true}]}}